{"id":52,"date":"2023-03-27T10:44:27","date_gmt":"2023-03-27T08:44:27","guid":{"rendered":"https:\/\/tierdentalhygiene.de\/?page_id=52"},"modified":"2023-07-17T11:49:24","modified_gmt":"2023-07-17T09:49:24","slug":"dentalhygiene","status":"publish","type":"page","link":"https:\/\/tierdentalhygiene.de\/index.php\/dentalhygiene\/","title":{"rendered":"\u00dcber mich"},"content":{"rendered":"\t\t<div data-elementor-type=\"wp-page\" data-elementor-id=\"52\" class=\"elementor elementor-52\">\n\t\t\t\t\t\t<section class=\"elementor-section elementor-top-section elementor-element elementor-element-b8da06c elementor-section-boxed elementor-section-height-default elementor-section-height-default\" data-id=\"b8da06c\" data-element_type=\"section\" data-e-type=\"section\">\n\t\t\t\t\t\t<div class=\"elementor-container elementor-column-gap-default\">\n\t\t\t\t\t<div class=\"elementor-column elementor-col-100 elementor-top-column elementor-element elementor-element-fe8d640\" data-id=\"fe8d640\" data-element_type=\"column\" data-e-type=\"column\">\n\t\t\t<div class=\"elementor-widget-wrap elementor-element-populated\">\n\t\t\t\t\t\t<section class=\"elementor-section elementor-inner-section elementor-element elementor-element-1d3353d elementor-section-boxed elementor-section-height-default elementor-section-height-default\" data-id=\"1d3353d\" data-element_type=\"section\" data-e-type=\"section\">\n\t\t\t\t\t\t<div class=\"elementor-container elementor-column-gap-default\">\n\t\t\t\t\t<div class=\"elementor-column elementor-col-50 elementor-inner-column elementor-element elementor-element-64c7ffd\" data-id=\"64c7ffd\" data-element_type=\"column\" data-e-type=\"column\">\n\t\t\t<div class=\"elementor-widget-wrap elementor-element-populated\">\n\t\t\t\t\t\t<div class=\"elementor-element elementor-element-76d6031 elementor-widget__width-initial elementor-widget elementor-widget-text-editor\" data-id=\"76d6031\" data-element_type=\"widget\" data-e-type=\"widget\" data-widget_type=\"text-editor.default\">\n\t\t\t\t<div class=\"elementor-widget-container\">\n\t\t\t\t\t\t\t\t\t<p>Hallo und Herzlich Willkommen.<\/p><p>Ich hei\u00dfe Denise, bin zertifizierte Tierdentalhygienikerin f\u00fcr Hund und Katze und angehende Tierheilpraktikerin\u00a0f\u00fcr Hund, Katze und Pferd bei der ATM.<\/p><p>Mich begleiten der mittlerweile 13 j\u00e4hrige Border Collie R\u00fcde Macky, die 10 j\u00e4hrige Welsh-Araber-Stute Nala und drei Samtpfoten, Tira, Tessa 4 j\u00e4hrig und Simba 3 j\u00e4hrig.<\/p><p>Macky ist im Dezember 2009 als 8 Wochen alter Welpe zu mir gezogen und hatte als Junghund nur Unfug im Sinn. Tira und Tessa zogen als v\u00f6llig traumatisierte Kitten in unseren Haushalt. Simba hingegen kam aus einem gut beh\u00fctetem und liebevollen Zuhause als Kitte zu mir und meiner Tochter. Nala kaufte ich 3,5j\u00e4hrig als Familienpony. Sie entpuppte sich als nicht Familienpony-tauglich und war anf\u00e4nglich ziemlich unfreundlich und vom Menschen gar nicht begeisterst. Mittlerweile ist aber auch Nala ein L\u00e4mmchen und ist trotz ihres hohen Temperaments immer gut h\u00e4ndelbar.<\/p>\t\t\t\t\t\t\t\t<\/div>\n\t\t\t\t<\/div>\n\t\t\t\t\t<\/div>\n\t\t<\/div>\n\t\t\t\t<div class=\"elementor-column elementor-col-50 elementor-inner-column elementor-element elementor-element-0c8a608\" data-id=\"0c8a608\" data-element_type=\"column\" data-e-type=\"column\">\n\t\t\t<div class=\"elementor-widget-wrap elementor-element-populated\">\n\t\t\t\t\t\t<div class=\"elementor-element elementor-element-4bd44fc elementor-widget elementor-widget-spacer\" data-id=\"4bd44fc\" data-element_type=\"widget\" data-e-type=\"widget\" data-widget_type=\"spacer.default\">\n\t\t\t\t<div class=\"elementor-widget-container\">\n\t\t\t\t\t\t\t<div class=\"elementor-spacer\">\n\t\t\t<div class=\"elementor-spacer-inner\"><\/div>\n\t\t<\/div>\n\t\t\t\t\t\t<\/div>\n\t\t\t\t<\/div>\n\t\t\t\t<div class=\"elementor-element elementor-element-c627cba e-transform elementor-invisible elementor-widget elementor-widget-image\" data-id=\"c627cba\" data-element_type=\"widget\" data-e-type=\"widget\" data-settings=\"{&quot;_animation&quot;:&quot;lightSpeedIn&quot;,&quot;_transform_skewX_effect&quot;:{&quot;unit&quot;:&quot;px&quot;,&quot;size&quot;:0,&quot;sizes&quot;:[]},&quot;_transform_skewX_effect_tablet&quot;:{&quot;unit&quot;:&quot;deg&quot;,&quot;size&quot;:&quot;&quot;,&quot;sizes&quot;:[]},&quot;_transform_skewX_effect_mobile&quot;:{&quot;unit&quot;:&quot;deg&quot;,&quot;size&quot;:&quot;&quot;,&quot;sizes&quot;:[]},&quot;_transform_skewY_effect&quot;:{&quot;unit&quot;:&quot;px&quot;,&quot;size&quot;:&quot;&quot;,&quot;sizes&quot;:[]},&quot;_transform_skewY_effect_tablet&quot;:{&quot;unit&quot;:&quot;deg&quot;,&quot;size&quot;:&quot;&quot;,&quot;sizes&quot;:[]},&quot;_transform_skewY_effect_mobile&quot;:{&quot;unit&quot;:&quot;deg&quot;,&quot;size&quot;:&quot;&quot;,&quot;sizes&quot;:[]}}\" data-widget_type=\"image.default\">\n\t\t\t\t<div class=\"elementor-widget-container\">\n\t\t\t\t\t\t\t\t\t\t\t\t\t\t\t<img fetchpriority=\"high\" decoding=\"async\" width=\"1024\" height=\"683\" src=\"https:\/\/tierdentalhygiene.de\/wp-content\/uploads\/2023\/04\/IMG_6306-2-1024x683.jpg\" class=\"attachment-large size-large wp-image-2875\" alt=\"\" srcset=\"https:\/\/tierdentalhygiene.de\/wp-content\/uploads\/2023\/04\/IMG_6306-2-1024x683.jpg 1024w, https:\/\/tierdentalhygiene.de\/wp-content\/uploads\/2023\/04\/IMG_6306-2-300x200.jpg 300w, https:\/\/tierdentalhygiene.de\/wp-content\/uploads\/2023\/04\/IMG_6306-2-768x512.jpg 768w, https:\/\/tierdentalhygiene.de\/wp-content\/uploads\/2023\/04\/IMG_6306-2-1536x1024.jpg 1536w, https:\/\/tierdentalhygiene.de\/wp-content\/uploads\/2023\/04\/IMG_6306-2-2048x1365.jpg 2048w\" sizes=\"(max-width: 1024px) 100vw, 1024px\" \/>\t\t\t\t\t\t\t\t\t\t\t\t\t\t\t<\/div>\n\t\t\t\t<\/div>\n\t\t\t\t\t<\/div>\n\t\t<\/div>\n\t\t\t\t\t<\/div>\n\t\t<\/section>\n\t\t\t\t\t<\/div>\n\t\t<\/div>\n\t\t\t\t\t<\/div>\n\t\t<\/section>\n\t\t\t\t<section class=\"elementor-section elementor-top-section elementor-element elementor-element-65c27cd elementor-section-boxed elementor-section-height-default elementor-section-height-default\" data-id=\"65c27cd\" data-element_type=\"section\" data-e-type=\"section\">\n\t\t\t\t\t\t<div class=\"elementor-container elementor-column-gap-default\">\n\t\t\t\t\t<div class=\"elementor-column elementor-col-100 elementor-top-column elementor-element elementor-element-52e03c3\" data-id=\"52e03c3\" data-element_type=\"column\" data-e-type=\"column\">\n\t\t\t<div class=\"elementor-widget-wrap elementor-element-populated\">\n\t\t\t\t\t\t<div class=\"elementor-element elementor-element-730391a elementor-widget elementor-widget-spacer\" data-id=\"730391a\" data-element_type=\"widget\" data-e-type=\"widget\" data-widget_type=\"spacer.default\">\n\t\t\t\t<div class=\"elementor-widget-container\">\n\t\t\t\t\t\t\t<div class=\"elementor-spacer\">\n\t\t\t<div class=\"elementor-spacer-inner\"><\/div>\n\t\t<\/div>\n\t\t\t\t\t\t<\/div>\n\t\t\t\t<\/div>\n\t\t\t\t\t<\/div>\n\t\t<\/div>\n\t\t\t\t\t<\/div>\n\t\t<\/section>\n\t\t\t\t<section class=\"elementor-section elementor-top-section elementor-element elementor-element-22860fd elementor-section-boxed elementor-section-height-default elementor-section-height-default\" data-id=\"22860fd\" data-element_type=\"section\" data-e-type=\"section\">\n\t\t\t\t\t\t<div class=\"elementor-container elementor-column-gap-default\">\n\t\t\t\t\t<div class=\"elementor-column elementor-col-50 elementor-top-column elementor-element elementor-element-4c39147\" data-id=\"4c39147\" data-element_type=\"column\" data-e-type=\"column\">\n\t\t\t<div class=\"elementor-widget-wrap elementor-element-populated\">\n\t\t\t\t\t\t<div class=\"elementor-element elementor-element-456b649 elementor-widget elementor-widget-accordion\" data-id=\"456b649\" data-element_type=\"widget\" data-e-type=\"widget\" data-widget_type=\"accordion.default\">\n\t\t\t\t<div class=\"elementor-widget-container\">\n\t\t\t\t\t\t\t<div class=\"elementor-accordion\">\n\t\t\t\t\t\t\t<div class=\"elementor-accordion-item\">\n\t\t\t\t\t<div id=\"elementor-tab-title-7271\" class=\"elementor-tab-title\" data-tab=\"1\" role=\"button\" aria-controls=\"elementor-tab-content-7271\" aria-expanded=\"false\">\n\t\t\t\t\t\t\t\t\t\t\t\t\t<span class=\"elementor-accordion-icon elementor-accordion-icon-right\" aria-hidden=\"true\">\n\t\t\t\t\t\t\t\t\t\t\t\t\t\t\t<span class=\"elementor-accordion-icon-closed\"><i class=\"fas fa-plus-circle\"><\/i><\/span>\n\t\t\t\t\t\t\t\t<span class=\"elementor-accordion-icon-opened\"><\/span>\n\t\t\t\t\t\t\t\t\t\t\t\t\t\t<\/span>\n\t\t\t\t\t\t\t\t\t\t\t\t<a class=\"elementor-accordion-title\" tabindex=\"0\">Warum die Tierdentalhygiene?<\/a>\n\t\t\t\t\t<\/div>\n\t\t\t\t\t<div id=\"elementor-tab-content-7271\" class=\"elementor-tab-content elementor-clearfix\" data-tab=\"1\" role=\"region\" aria-labelledby=\"elementor-tab-title-7271\"><p style=\"margin-bottom: var(--global-md-spacing);\">Ich habe mich f\u00fcr die Weiterbildung zur Tierdentalhygienikerin entschieden, weil die Zahngesundheit von Hunden und Katzen einen enorm hohen Stellenwert hat, ihr aber leider immer noch zu wenig und oftmals viel zu sp\u00e4t Beachtung geschenkt wird.<\/p><p>Die Auswirkungen einer unzureichenden Maulhygiene sind kaum bekannt und bed\u00fcrfen, besonders in unserer heutigen Zeit, in der die M\u00f6glichkeiten zur Gesunderhaltung unserer Tiere so vielf\u00e4ltig sind, viel mehr Informationen.<\/p><\/div>\n\t\t\t\t<\/div>\n\t\t\t\t\t\t\t\t<\/div>\n\t\t\t\t\t\t<\/div>\n\t\t\t\t<\/div>\n\t\t\t\t\t<\/div>\n\t\t<\/div>\n\t\t\t\t<div class=\"elementor-column elementor-col-50 elementor-top-column elementor-element elementor-element-43da4c0\" data-id=\"43da4c0\" data-element_type=\"column\" data-e-type=\"column\">\n\t\t\t<div class=\"elementor-widget-wrap elementor-element-populated\">\n\t\t\t\t\t\t<div class=\"elementor-element elementor-element-7569e18 elementor-widget elementor-widget-accordion\" data-id=\"7569e18\" data-element_type=\"widget\" data-e-type=\"widget\" data-widget_type=\"accordion.default\">\n\t\t\t\t<div class=\"elementor-widget-container\">\n\t\t\t\t\t\t\t<div class=\"elementor-accordion\">\n\t\t\t\t\t\t\t<div class=\"elementor-accordion-item\">\n\t\t\t\t\t<div id=\"elementor-tab-title-1231\" class=\"elementor-tab-title\" data-tab=\"1\" role=\"button\" aria-controls=\"elementor-tab-content-1231\" aria-expanded=\"false\">\n\t\t\t\t\t\t\t\t\t\t\t\t\t<span class=\"elementor-accordion-icon elementor-accordion-icon-right\" aria-hidden=\"true\">\n\t\t\t\t\t\t\t\t\t\t\t\t\t\t\t<span class=\"elementor-accordion-icon-closed\"><i class=\"fas fa-plus-circle\"><\/i><\/span>\n\t\t\t\t\t\t\t\t<span class=\"elementor-accordion-icon-opened\"><\/span>\n\t\t\t\t\t\t\t\t\t\t\t\t\t\t<\/span>\n\t\t\t\t\t\t\t\t\t\t\t\t<a class=\"elementor-accordion-title\" tabindex=\"0\">Warum die Tierheilpraxis?<\/a>\n\t\t\t\t\t<\/div>\n\t\t\t\t\t<div id=\"elementor-tab-content-1231\" class=\"elementor-tab-content elementor-clearfix\" data-tab=\"1\" role=\"region\" aria-labelledby=\"elementor-tab-title-1231\"><p>Unsere Natur bietet so unsagbar viele M\u00f6glichkeiten den K\u00f6rper und die Seele in seiner Funktion und in seiner Gesunderhaltung unterst\u00fctzen zu k\u00f6nnen. Mir ist es wichtig, Krankheiten so gut wie m\u00f6glich vorzubeugen durch artgerechte Ern\u00e4hrung und artgerechte Haltung\/Nutzung. Sowie vorhandene Probleme mit meinen M\u00f6glichkeiten unterst\u00fctzen und die Lebensqualit\u00e4t verbessern zu k\u00f6nnen. Vorbeugen, Unterst\u00fctzen und den K\u00f6rper wieder ins Gleichgewicht bringen sind wichtige St\u00fctzpfeiler f\u00fcr meine Arbeit.<\/p><\/div>\n\t\t\t\t<\/div>\n\t\t\t\t\t\t\t\t<\/div>\n\t\t\t\t\t\t<\/div>\n\t\t\t\t<\/div>\n\t\t\t\t\t<\/div>\n\t\t<\/div>\n\t\t\t\t\t<\/div>\n\t\t<\/section>\n\t\t\t\t<section class=\"elementor-section elementor-top-section elementor-element elementor-element-30e863e elementor-section-boxed elementor-section-height-default elementor-section-height-default\" data-id=\"30e863e\" data-element_type=\"section\" data-e-type=\"section\">\n\t\t\t\t\t\t<div class=\"elementor-container elementor-column-gap-default\">\n\t\t\t\t\t<div class=\"elementor-column elementor-col-100 elementor-top-column elementor-element elementor-element-1cc5bd9\" data-id=\"1cc5bd9\" data-element_type=\"column\" data-e-type=\"column\">\n\t\t\t<div class=\"elementor-widget-wrap elementor-element-populated\">\n\t\t\t\t\t\t<div class=\"elementor-element elementor-element-627953f elementor-widget elementor-widget-spacer\" data-id=\"627953f\" data-element_type=\"widget\" data-e-type=\"widget\" data-widget_type=\"spacer.default\">\n\t\t\t\t<div class=\"elementor-widget-container\">\n\t\t\t\t\t\t\t<div class=\"elementor-spacer\">\n\t\t\t<div class=\"elementor-spacer-inner\"><\/div>\n\t\t<\/div>\n\t\t\t\t\t\t<\/div>\n\t\t\t\t<\/div>\n\t\t\t\t<div class=\"elementor-element elementor-element-86e18ef elementor-widget__width-initial elementor-widget-mobile__width-initial elementor-widget elementor-widget-image\" data-id=\"86e18ef\" data-element_type=\"widget\" data-e-type=\"widget\" data-widget_type=\"image.default\">\n\t\t\t\t<div class=\"elementor-widget-container\">\n\t\t\t\t\t\t\t\t\t\t\t\t\t\t\t<img decoding=\"async\" width=\"768\" height=\"532\" src=\"https:\/\/tierdentalhygiene.de\/wp-content\/uploads\/2023\/04\/Zertifikat-Tierdentalhygiene-768x532.jpg\" class=\"attachment-medium_large size-medium_large wp-image-1722\" alt=\"\" srcset=\"https:\/\/tierdentalhygiene.de\/wp-content\/uploads\/2023\/04\/Zertifikat-Tierdentalhygiene-768x532.jpg 768w, https:\/\/tierdentalhygiene.de\/wp-content\/uploads\/2023\/04\/Zertifikat-Tierdentalhygiene-300x208.jpg 300w, https:\/\/tierdentalhygiene.de\/wp-content\/uploads\/2023\/04\/Zertifikat-Tierdentalhygiene-1024x709.jpg 1024w, https:\/\/tierdentalhygiene.de\/wp-content\/uploads\/2023\/04\/Zertifikat-Tierdentalhygiene-1536x1064.jpg 1536w, https:\/\/tierdentalhygiene.de\/wp-content\/uploads\/2023\/04\/Zertifikat-Tierdentalhygiene-2048x1419.jpg 2048w\" sizes=\"(max-width: 768px) 100vw, 768px\" \/>\t\t\t\t\t\t\t\t\t\t\t\t\t\t\t<\/div>\n\t\t\t\t<\/div>\n\t\t\t\t<div class=\"elementor-element elementor-element-2738bb4 elementor-widget elementor-widget-text-editor\" data-id=\"2738bb4\" data-element_type=\"widget\" data-e-type=\"widget\" data-widget_type=\"text-editor.default\">\n\t\t\t\t<div class=\"elementor-widget-container\">\n\t\t\t\t\t\t\t\t\t<p>Zertifizierung zur Tierdentalhygienikerin<\/p>\t\t\t\t\t\t\t\t<\/div>\n\t\t\t\t<\/div>\n\t\t\t\t\t<\/div>\n\t\t<\/div>\n\t\t\t\t\t<\/div>\n\t\t<\/section>\n\t\t\t\t<section class=\"elementor-section elementor-top-section elementor-element elementor-element-ee98cc8 elementor-section-boxed elementor-section-height-default elementor-section-height-default\" data-id=\"ee98cc8\" data-element_type=\"section\" data-e-type=\"section\">\n\t\t\t\t\t\t<div class=\"elementor-container elementor-column-gap-default\">\n\t\t\t\t\t<div class=\"elementor-column elementor-col-100 elementor-top-column elementor-element elementor-element-63efc52\" data-id=\"63efc52\" data-element_type=\"column\" data-e-type=\"column\">\n\t\t\t<div class=\"elementor-widget-wrap\">\n\t\t\t\t\t\t\t<\/div>\n\t\t<\/div>\n\t\t\t\t\t<\/div>\n\t\t<\/section>\n\t\t\t\t<\/div>\n\t\t","protected":false},"excerpt":{"rendered":"<p>Hallo und Herzlich Willkommen. Ich hei\u00dfe Denise, bin zertifizierte Tierdentalhygienikerin f\u00fcr Hund und Katze und angehende Tierheilpraktikerin\u00a0f\u00fcr Hund, Katze und Pferd bei der ATM. Mich begleiten der mittlerweile 13 j\u00e4hrige Border Collie R\u00fcde Macky, die 10 j\u00e4hrige Welsh-Araber-Stute Nala und drei Samtpfoten, Tira, Tessa 4 j\u00e4hrig und Simba 3 j\u00e4hrig. Macky ist im Dezember 2009&#8230;<\/p>\n","protected":false},"author":2,"featured_media":0,"parent":0,"menu_order":0,"comment_status":"closed","ping_status":"closed","template":"","meta":{"_kad_post_transparent":"","_kad_post_title":"","_kad_post_layout":"","_kad_post_sidebar_id":"","_kad_post_content_style":"","_kad_post_vertical_padding":"","_kad_post_feature":"","_kad_post_feature_position":"","_kad_post_header":false,"_kad_post_footer":false,"footnotes":""},"class_list":["post-52","page","type-page","status-publish","hentry"],"_links":{"self":[{"href":"https:\/\/tierdentalhygiene.de\/index.php\/wp-json\/wp\/v2\/pages\/52","targetHints":{"allow":["GET"]}}],"collection":[{"href":"https:\/\/tierdentalhygiene.de\/index.php\/wp-json\/wp\/v2\/pages"}],"about":[{"href":"https:\/\/tierdentalhygiene.de\/index.php\/wp-json\/wp\/v2\/types\/page"}],"author":[{"embeddable":true,"href":"https:\/\/tierdentalhygiene.de\/index.php\/wp-json\/wp\/v2\/users\/2"}],"replies":[{"embeddable":true,"href":"https:\/\/tierdentalhygiene.de\/index.php\/wp-json\/wp\/v2\/comments?post=52"}],"version-history":[{"count":36,"href":"https:\/\/tierdentalhygiene.de\/index.php\/wp-json\/wp\/v2\/pages\/52\/revisions"}],"predecessor-version":[{"id":2909,"href":"https:\/\/tierdentalhygiene.de\/index.php\/wp-json\/wp\/v2\/pages\/52\/revisions\/2909"}],"wp:attachment":[{"href":"https:\/\/tierdentalhygiene.de\/index.php\/wp-json\/wp\/v2\/media?parent=52"}],"curies":[{"name":"wp","href":"https:\/\/api.w.org\/{rel}","templated":true}]}}